{"id":1599,"date":"2019-04-29T22:07:42","date_gmt":"2019-04-29T20:07:42","guid":{"rendered":"https:\/\/katalog.aluteckk.cz\/standardniprofily\/produkt\/hlinikova-tyc-kruhova-o-40\/"},"modified":"2022-03-11T00:05:18","modified_gmt":"2022-03-10T23:05:18","slug":"hlinikova-tyc-kruhova-o-40","status":"publish","type":"product","link":"https:\/\/katalog.aluteckk.cz\/standardniprofily\/produkt\/hlinikova-tyc-kruhova-o-40\/","title":{"rendered":"Hlin\u00edkov\u00e1 ty\u010d kruhov\u00e1"},"content":{"rendered":"","protected":false},"excerpt":{"rendered":"","protected":false},"featured_media":1324,"template":"","meta":[],"_links":{"self":[{"href":"https:\/\/katalog.aluteckk.cz\/standardniprofily\/wp-json\/wp\/v2\/product\/1599"}],"collection":[{"href":"https:\/\/katalog.aluteckk.cz\/standardniprofily\/wp-json\/wp\/v2\/product"}],"about":[{"href":"https:\/\/katalog.aluteckk.cz\/standardniprofily\/wp-json\/wp\/v2\/types\/product"}],"wp:featuredmedia":[{"embeddable":true,"href":"https:\/\/katalog.aluteckk.cz\/standardniprofily\/wp-json\/wp\/v2\/media\/1324"}],"wp:attachment":[{"href":"https:\/\/katalog.aluteckk.cz\/standardniprofily\/wp-json\/wp\/v2\/media?parent=1599"}],"curies":[{"name":"wp","href":"https:\/\/api.w.org\/{rel}","templated":true}]}}