{"id":1637,"date":"2019-04-29T22:07:51","date_gmt":"2019-04-29T20:07:51","guid":{"rendered":"https:\/\/katalog.aluteckk.cz\/standardniprofily\/produkt\/hlinikova-tyc-plochactvercova-20-x-5\/"},"modified":"2022-03-11T00:05:23","modified_gmt":"2022-03-10T23:05:23","slug":"hlinikova-tyc-plocha-ctvercova-20-x-5","status":"publish","type":"product","link":"https:\/\/katalog.aluteckk.cz\/standardniprofily\/produkt\/hlinikova-tyc-plocha-ctvercova-20-x-5\/","title":{"rendered":"Hlin\u00edkov\u00e1 ty\u010d ploch\u00e1 \u010dtvercov\u00e1"},"content":{"rendered":"","protected":false},"excerpt":{"rendered":"","protected":false},"featured_media":1325,"template":"","meta":[],"_links":{"self":[{"href":"https:\/\/katalog.aluteckk.cz\/standardniprofily\/wp-json\/wp\/v2\/product\/1637"}],"collection":[{"href":"https:\/\/katalog.aluteckk.cz\/standardniprofily\/wp-json\/wp\/v2\/product"}],"about":[{"href":"https:\/\/katalog.aluteckk.cz\/standardniprofily\/wp-json\/wp\/v2\/types\/product"}],"wp:featuredmedia":[{"embeddable":true,"href":"https:\/\/katalog.aluteckk.cz\/standardniprofily\/wp-json\/wp\/v2\/media\/1325"}],"wp:attachment":[{"href":"https:\/\/katalog.aluteckk.cz\/standardniprofily\/wp-json\/wp\/v2\/media?parent=1637"}],"curies":[{"name":"wp","href":"https:\/\/api.w.org\/{rel}","templated":true}]}}