{"id":1677,"date":"2019-04-29T22:08:01","date_gmt":"2019-04-29T20:08:01","guid":{"rendered":"https:\/\/katalog.aluteckk.cz\/standardniprofily\/produkt\/hlinikova-tyc-plochactvercova-40-x-4\/"},"modified":"2022-03-11T00:05:30","modified_gmt":"2022-03-10T23:05:30","slug":"hlinikova-tyc-plocha-ctvercova-40-x-4","status":"publish","type":"product","link":"https:\/\/katalog.aluteckk.cz\/standardniprofily\/produkt\/hlinikova-tyc-plocha-ctvercova-40-x-4\/","title":{"rendered":"Hlin\u00edkov\u00e1 ty\u010d ploch\u00e1 \u010dtvercov\u00e1"},"content":{"rendered":"","protected":false},"excerpt":{"rendered":"","protected":false},"featured_media":1325,"template":"","meta":[],"_links":{"self":[{"href":"https:\/\/katalog.aluteckk.cz\/standardniprofily\/wp-json\/wp\/v2\/product\/1677"}],"collection":[{"href":"https:\/\/katalog.aluteckk.cz\/standardniprofily\/wp-json\/wp\/v2\/product"}],"about":[{"href":"https:\/\/katalog.aluteckk.cz\/standardniprofily\/wp-json\/wp\/v2\/types\/product"}],"wp:featuredmedia":[{"embeddable":true,"href":"https:\/\/katalog.aluteckk.cz\/standardniprofily\/wp-json\/wp\/v2\/media\/1325"}],"wp:attachment":[{"href":"https:\/\/katalog.aluteckk.cz\/standardniprofily\/wp-json\/wp\/v2\/media?parent=1677"}],"curies":[{"name":"wp","href":"https:\/\/api.w.org\/{rel}","templated":true}]}}