{"id":3829,"date":"2019-10-27T10:27:13","date_gmt":"2019-10-27T09:27:13","guid":{"rendered":"https:\/\/katalog.aluteckk.cz\/standardniprofily\/?post_type=product&#038;p=3829"},"modified":"2022-03-11T00:05:41","modified_gmt":"2022-03-10T23:05:41","slug":"hlinikova-tyc-plocha-ctvercova-50-x-22","status":"publish","type":"product","link":"https:\/\/katalog.aluteckk.cz\/standardniprofily\/produkt\/hlinikova-tyc-plocha-ctvercova-50-x-22\/","title":{"rendered":"Hlin\u00edkov\u00e1 ty\u010d ploch\u00e1 \u010dtvercov\u00e1"},"content":{"rendered":"","protected":false},"excerpt":{"rendered":"","protected":false},"featured_media":1325,"template":"","meta":[],"_links":{"self":[{"href":"https:\/\/katalog.aluteckk.cz\/standardniprofily\/wp-json\/wp\/v2\/product\/3829"}],"collection":[{"href":"https:\/\/katalog.aluteckk.cz\/standardniprofily\/wp-json\/wp\/v2\/product"}],"about":[{"href":"https:\/\/katalog.aluteckk.cz\/standardniprofily\/wp-json\/wp\/v2\/types\/product"}],"wp:featuredmedia":[{"embeddable":true,"href":"https:\/\/katalog.aluteckk.cz\/standardniprofily\/wp-json\/wp\/v2\/media\/1325"}],"wp:attachment":[{"href":"https:\/\/katalog.aluteckk.cz\/standardniprofily\/wp-json\/wp\/v2\/media?parent=3829"}],"curies":[{"name":"wp","href":"https:\/\/api.w.org\/{rel}","templated":true}]}}